{"id":497,"date":"2024-01-25T10:28:19","date_gmt":"2024-01-25T10:28:19","guid":{"rendered":"https:\/\/eleganciacompany.info\/?page_id=497"},"modified":"2024-01-29T17:03:24","modified_gmt":"2024-01-29T17:03:24","slug":"partiu-dubai","status":"publish","type":"page","link":"https:\/\/eleganciacompany.info\/","title":{"rendered":"PARTIU DUBAI"},"content":{"rendered":"<style>\/*! elementor - v3.18.0 - 20-12-2023 *\/\n.elementor-widget-image{text-align:center}.elementor-widget-image a{display:inline-block}.elementor-widget-image a img[src$=\".svg\"]{width:48px}.elementor-widget-image img{vertical-align:middle;display:inline-block}<\/style>\n<p>\t\t\t\t\t\t\t\t\t\t\t\t<img loading=\"lazy\" decoding=\"async\" width=\"1817\" height=\"1212\" src=\"https:\/\/eleganciacompany.info\/wp-content\/uploads\/2024\/01\/Partiu-Dubai-Logo.png\" alt=\"\" srcset=\"https:\/\/eleganciacompany.info\/wp-content\/uploads\/2024\/01\/Partiu-Dubai-Logo.png 1817w, https:\/\/eleganciacompany.info\/wp-content\/uploads\/2024\/01\/Partiu-Dubai-Logo-300x200.png 300w, https:\/\/eleganciacompany.info\/wp-content\/uploads\/2024\/01\/Partiu-Dubai-Logo-1024x683.png 1024w, https:\/\/eleganciacompany.info\/wp-content\/uploads\/2024\/01\/Partiu-Dubai-Logo-768x512.png 768w, https:\/\/eleganciacompany.info\/wp-content\/uploads\/2024\/01\/Partiu-Dubai-Logo-1536x1025.png 1536w\" sizes=\"auto, (max-width: 1817px) 100vw, 1817px\" \/><br \/>\n\t\t\t\t\t\t\t\t\t\t\t\t\t\t\t<img loading=\"lazy\" decoding=\"async\" width=\"150\" height=\"150\" src=\"https:\/\/eleganciacompany.info\/wp-content\/uploads\/2024\/01\/Pagina-2-150x150.png\" alt=\"\" srcset=\"https:\/\/eleganciacompany.info\/wp-content\/uploads\/2024\/01\/Pagina-2-150x150.png 150w, https:\/\/eleganciacompany.info\/wp-content\/uploads\/2024\/01\/Pagina-2-300x300.png 300w, https:\/\/eleganciacompany.info\/wp-content\/uploads\/2024\/01\/Pagina-2.png 572w\" sizes=\"auto, (max-width: 150px) 100vw, 150px\" \/>\t\t\t\t\t\t\t\t\t\t\t\t\t\t\t<\/p>\n<style>\/*! elementor - v3.18.0 - 20-12-2023 *\/\n.elementor-heading-title{padding:0;margin:0;line-height:1}.elementor-widget-heading .elementor-heading-title[class*=elementor-size-]>a{color:inherit;font-size:inherit;line-height:inherit}.elementor-widget-heading .elementor-heading-title.elementor-size-small{font-size:15px}.elementor-widget-heading .elementor-heading-title.elementor-size-medium{font-size:19px}.elementor-widget-heading .elementor-heading-title.elementor-size-large{font-size:29px}.elementor-widget-heading .elementor-heading-title.elementor-size-xl{font-size:39px}.elementor-widget-heading .elementor-heading-title.elementor-size-xxl{font-size:59px}<\/style>\n<h6>DESTINO: DUBAI<\/h6>\n<p>Passagem para 2 pessoas<\/p>\n<p>\t\t\t\t\t\t\t\t\t\t\t\t\t\t\t<img loading=\"lazy\" decoding=\"async\" width=\"150\" height=\"150\" src=\"https:\/\/eleganciacompany.info\/wp-content\/uploads\/2024\/01\/Pagina-1-150x150.png\" alt=\"\" srcset=\"https:\/\/eleganciacompany.info\/wp-content\/uploads\/2024\/01\/Pagina-1-150x150.png 150w, https:\/\/eleganciacompany.info\/wp-content\/uploads\/2024\/01\/Pagina-1-300x300.png 300w, https:\/\/eleganciacompany.info\/wp-content\/uploads\/2024\/01\/Pagina-1.png 572w\" sizes=\"auto, (max-width: 150px) 100vw, 150px\" \/>\t\t\t\t\t\t\t\t\t\t\t\t\t\t\t<\/p>\n<h6>4 DIAS<\/h6>\n<p>e 3 noites<\/p>\n<p>\t\t\t\t\t\t\t\t\t\t\t\t\t\t\t<img loading=\"lazy\" decoding=\"async\" width=\"150\" height=\"150\" src=\"https:\/\/eleganciacompany.info\/wp-content\/uploads\/2024\/01\/Pagina-3-150x150.png\" alt=\"\" srcset=\"https:\/\/eleganciacompany.info\/wp-content\/uploads\/2024\/01\/Pagina-3-150x150.png 150w, https:\/\/eleganciacompany.info\/wp-content\/uploads\/2024\/01\/Pagina-3-300x300.png 300w, https:\/\/eleganciacompany.info\/wp-content\/uploads\/2024\/01\/Pagina-3.png 572w\" sizes=\"auto, (max-width: 150px) 100vw, 150px\" \/>\t\t\t\t\t\t\t\t\t\t\t\t\t\t\t<\/p>\n<h6>HOTEL <\/h6>\n<p>Inclu\u00eddo<\/p>\n<p>\t\t\t\t\t\t\t\t\t\t\t\t\t\t\t<img loading=\"lazy\" decoding=\"async\" width=\"150\" height=\"150\" src=\"https:\/\/eleganciacompany.info\/wp-content\/uploads\/2024\/01\/Pagina-4-150x150.png\" alt=\"\" srcset=\"https:\/\/eleganciacompany.info\/wp-content\/uploads\/2024\/01\/Pagina-4-150x150.png 150w, https:\/\/eleganciacompany.info\/wp-content\/uploads\/2024\/01\/Pagina-4-300x300.png 300w, https:\/\/eleganciacompany.info\/wp-content\/uploads\/2024\/01\/Pagina-4.png 572w\" sizes=\"auto, (max-width: 150px) 100vw, 150px\" \/>\t\t\t\t\t\t\t\t\t\t\t\t\t\t\t<\/p>\n<h6>DESPESAS PRIM\u00c1RIAS<\/h6>\n<p>Inclu\u00eddo<\/p>\n<style>\/*! elementor - v3.18.0 - 20-12-2023 *\/\n.elementor-column .elementor-spacer-inner{height:var(--spacer-size)}.e-con{--container-widget-width:100%}.e-con-inner>.elementor-widget-spacer,.e-con>.elementor-widget-spacer{width:var(--container-widget-width,var(--spacer-size));--align-self:var(--container-widget-align-self,initial);--flex-shrink:0}.e-con-inner>.elementor-widget-spacer>.elementor-widget-container,.e-con>.elementor-widget-spacer>.elementor-widget-container{height:100%;width:100%}.e-con-inner>.elementor-widget-spacer>.elementor-widget-container>.elementor-spacer,.e-con>.elementor-widget-spacer>.elementor-widget-container>.elementor-spacer{height:100%}.e-con-inner>.elementor-widget-spacer>.elementor-widget-container>.elementor-spacer>.elementor-spacer-inner,.e-con>.elementor-widget-spacer>.elementor-widget-container>.elementor-spacer>.elementor-spacer-inner{height:var(--container-widget-height,var(--spacer-size))}.e-con-inner>.elementor-widget-spacer.elementor-widget-empty,.e-con>.elementor-widget-spacer.elementor-widget-empty{position:relative;min-height:22px;min-width:22px}.e-con-inner>.elementor-widget-spacer.elementor-widget-empty .elementor-widget-empty-icon,.e-con>.elementor-widget-spacer.elementor-widget-empty .elementor-widget-empty-icon{position:absolute;top:0;bottom:0;left:0;right:0;margin:auto;padding:0;width:22px;height:22px}<\/style>\n<p>\t\t\t\t\t\t\t\t\t\t\t\t\t\t\t<img loading=\"lazy\" decoding=\"async\" width=\"370\" height=\"657\" src=\"https:\/\/eleganciacompany.info\/wp-content\/uploads\/2024\/01\/Foto-dubai-2.png\" alt=\"\" srcset=\"https:\/\/eleganciacompany.info\/wp-content\/uploads\/2024\/01\/Foto-dubai-2.png 370w, https:\/\/eleganciacompany.info\/wp-content\/uploads\/2024\/01\/Foto-dubai-2-169x300.png 169w\" sizes=\"auto, (max-width: 370px) 100vw, 370px\" \/>\t\t\t\t\t\t\t\t\t\t\t\t\t\t\t<\/p>\n<h5>Sobre Partiu Dubai<\/h5>\n<h2>Suas compras merecem mais do que um agradecimento<\/h2>\n<p>\u00c9 por isso que estamos oferecendo a voc\u00ea a chance de ganhar uma viagem incr\u00edvel para Dubai para duas pessoas &#8211; fa\u00e7a suas compras e prepare-se para voar!&#8221;<\/p>\n<p>\t\t\t<a href=\"http:\/\/eleganciacompany.com\"><br \/>\n\t\t\t\t\t\tVERIFICAR PRODUTOS<br \/>\n\t\t\t\t\t<\/a><\/p>\n<h2>Uma op\u00e7\u00e3o incr\u00edvel para casais<\/h2>\n<p>\t\t\t\t\t\t\t\t\t\t\t\t\t<img loading=\"lazy\" decoding=\"async\" width=\"1000\" height=\"825\" src=\"https:\/\/eleganciacompany.info\/wp-content\/uploads\/2024\/01\/PAREJA-DUBAI-WORLD.png\" alt=\"\" srcset=\"https:\/\/eleganciacompany.info\/wp-content\/uploads\/2024\/01\/PAREJA-DUBAI-WORLD.png 1000w, https:\/\/eleganciacompany.info\/wp-content\/uploads\/2024\/01\/PAREJA-DUBAI-WORLD-300x248.png 300w, https:\/\/eleganciacompany.info\/wp-content\/uploads\/2024\/01\/PAREJA-DUBAI-WORLD-768x634.png 768w\" sizes=\"auto, (max-width: 1000px) 100vw, 1000px\" \/>\t\t\t\t\t\t\t\t\t\t\t\t<\/p>\n<h2>\n\t\t\t\t\t\t\t\t\t\t\t\t\t\t\t\t\t\t\t\t\t\t\t\t\t\t\t\t\t\t\t\t\t<\/h2>\n<\/p>\n<p>Imagine explorar o horizonte de Dubai juntos, com cada canto cheio de surpresas.<br \/>\nN\u00e3o perca a oportunidade de ganhar uma viagem para dois e tornar essa vis\u00e3o realidade!<\/p>\n<p>\t\t\t\t\t\t\t\t\t\t\t\t\t<img loading=\"lazy\" decoding=\"async\" width=\"1000\" height=\"825\" src=\"https:\/\/eleganciacompany.info\/wp-content\/uploads\/2024\/01\/PAREJA-DUBAI-WORLD-NOCHE-1.png\" alt=\"\" srcset=\"https:\/\/eleganciacompany.info\/wp-content\/uploads\/2024\/01\/PAREJA-DUBAI-WORLD-NOCHE-1.png 1000w, https:\/\/eleganciacompany.info\/wp-content\/uploads\/2024\/01\/PAREJA-DUBAI-WORLD-NOCHE-1-300x248.png 300w, https:\/\/eleganciacompany.info\/wp-content\/uploads\/2024\/01\/PAREJA-DUBAI-WORLD-NOCHE-1-768x634.png 768w\" sizes=\"auto, (max-width: 1000px) 100vw, 1000px\" \/>\t\t\t\t\t\t\t\t\t\t\t\t<\/p>\n<h2>\n\t\t\t\t\t\t\t\t\t\t\t\t\t\t\t\t\t\t\t\t\t\t\t\t\t\t\t\t\t\t\t\t\t<\/h2>\n<\/p>\n<p>Viajar para Dubai \u00e9 experimentar o luxo e a sofistica\u00e7\u00e3o em sua express\u00e3o m\u00e1xima. Com seu acompanhante e todas as despesas cobertas, cada momento \u00e9 uma imers\u00e3o na opul\u00eancia. Descubra a grandiosidade deste destino dos sonhos.<\/p>\n<h2>Destino de Luxo e sofistica\u00e7\u00e3o<\/h2>\n<h2>Tours<\/h2>\n<h1>Atra\u00e7\u00f5es tur\u00edsticas imperd\u00edveis em Dubai<\/h1>\n<p>\t\t\t\t\t\t\t\t\t\t\t\t\t\t\t<img loading=\"lazy\" decoding=\"async\" width=\"740\" height=\"550\" src=\"https:\/\/eleganciacompany.info\/wp-content\/uploads\/2024\/01\/BURJ-KHALIFA.png\" alt=\"\" srcset=\"https:\/\/eleganciacompany.info\/wp-content\/uploads\/2024\/01\/BURJ-KHALIFA.png 740w, https:\/\/eleganciacompany.info\/wp-content\/uploads\/2024\/01\/BURJ-KHALIFA-300x223.png 300w\" sizes=\"auto, (max-width: 740px) 100vw, 740px\" \/>\t\t\t\t\t\t\t\t\t\t\t\t\t\t\t<\/p>\n<h2>Burj Khalifa<\/h2>\n<p>Conquiste o c\u00e9u no Burj Khalifa, o arranha-c\u00e9u mais alto do mundo. Desfrute de vistas espetaculares e experimente a grandiosidade arquitet\u00f4nica \u00fanica.<\/p>\n<p>\t\t\t<a href=\"#\"><br \/>\n\t\t\t\t\t\tlearn more<br \/>\n\t\t\t\t\t<\/a><br \/>\n\t\t\t\t\t\t\t\t\t\t\t\t\t\t\t<img loading=\"lazy\" decoding=\"async\" width=\"740\" height=\"550\" src=\"https:\/\/eleganciacompany.info\/wp-content\/uploads\/2024\/01\/BURJ-AL-ARAB.png\" alt=\"\" srcset=\"https:\/\/eleganciacompany.info\/wp-content\/uploads\/2024\/01\/BURJ-AL-ARAB.png 740w, https:\/\/eleganciacompany.info\/wp-content\/uploads\/2024\/01\/BURJ-AL-ARAB-300x223.png 300w\" sizes=\"auto, (max-width: 740px) 100vw, 740px\" \/>\t\t\t\t\t\t\t\t\t\t\t\t\t\t\t<\/p>\n<h2>Burj Al Arab<\/h2>\n<p>Maravilhe-se com o luxo do Burj Al Arab, um \u00edcone de hospitalidade com design inovador. Uma experi\u00eancia glamorosa que define a eleg\u00e2ncia de Dubai.<\/p>\n<p>\t\t\t<a href=\"#\"><br \/>\n\t\t\t\t\t\tlearn more<br \/>\n\t\t\t\t\t<\/a><br \/>\n\t\t\t\t\t\t\t\t\t\t\t\t\t\t\t<img loading=\"lazy\" decoding=\"async\" width=\"740\" height=\"550\" src=\"https:\/\/eleganciacompany.info\/wp-content\/uploads\/2024\/01\/MUSSEUM-OF-THE-FUTURE.png\" alt=\"\" srcset=\"https:\/\/eleganciacompany.info\/wp-content\/uploads\/2024\/01\/MUSSEUM-OF-THE-FUTURE.png 740w, https:\/\/eleganciacompany.info\/wp-content\/uploads\/2024\/01\/MUSSEUM-OF-THE-FUTURE-300x223.png 300w\" sizes=\"auto, (max-width: 740px) 100vw, 740px\" \/>\t\t\t\t\t\t\t\t\t\t\t\t\t\t\t<\/p>\n<h2>Museum of The Future<\/h2>\n<p>Explore o futuro no Museu do Futuro, onde a tecnologia e inova\u00e7\u00e3o se encontram. Exibi\u00e7\u00f5es interativas revelam as \u00faltimas tend\u00eancias e projetos vision\u00e1rios.<\/p>\n<p>\t\t\t<a href=\"#\"><br \/>\n\t\t\t\t\t\tlearn more<br \/>\n\t\t\t\t\t<\/a><br \/>\n\t\t\t\t\t\t\t\t\t\t\t\t\t\t\t<img loading=\"lazy\" decoding=\"async\" width=\"740\" height=\"550\" src=\"https:\/\/eleganciacompany.info\/wp-content\/uploads\/2024\/01\/The-frame.png\" alt=\"\" srcset=\"https:\/\/eleganciacompany.info\/wp-content\/uploads\/2024\/01\/The-frame.png 740w, https:\/\/eleganciacompany.info\/wp-content\/uploads\/2024\/01\/The-frame-300x223.png 300w\" sizes=\"auto, (max-width: 740px) 100vw, 740px\" \/>\t\t\t\t\t\t\t\t\t\t\t\t\t\t\t<\/p>\n<h2>The frame<\/h2>\n<p>Testemunhe a fus\u00e3o de tradi\u00e7\u00e3o e modernidade no The Frame, uma estrutura \u00fanica que encapsula a hist\u00f3ria e o futuro de Dubai. <br \/>Vistas panor\u00e2micas surpreendentes aguardam na passarela de vidro.<\/p>\n<p>\t\t\t<a href=\"#\"><br \/>\n\t\t\t\t\t\tlearn more<br \/>\n\t\t\t\t\t<\/a><br \/>\n\t\t\t\t\t\t\t\t\t\t\t\t\t\t\t<img loading=\"lazy\" decoding=\"async\" width=\"740\" height=\"550\" src=\"https:\/\/eleganciacompany.info\/wp-content\/uploads\/2024\/01\/Jumeirah-Mosque.png\" alt=\"\" srcset=\"https:\/\/eleganciacompany.info\/wp-content\/uploads\/2024\/01\/Jumeirah-Mosque.png 740w, https:\/\/eleganciacompany.info\/wp-content\/uploads\/2024\/01\/Jumeirah-Mosque-300x223.png 300w\" sizes=\"auto, (max-width: 740px) 100vw, 740px\" \/>\t\t\t\t\t\t\t\t\t\t\t\t\t\t\t<\/p>\n<h2>Jumeirah Mosque<\/h2>\n<p>Descubra a serenidade e beleza arquitet\u00f4nica da Mesquita de Jumeirah. Uma joia cultural oferecendo uma vis\u00e3o fascinante da arquitetura isl\u00e2mica.<\/p>\n<p>\t\t\t<a href=\"#\"><br \/>\n\t\t\t\t\t\tlearn more<br \/>\n\t\t\t\t\t<\/a><br \/>\n\t\t\t\t\t\t\t\t\t\t\t\t\t\t\t<img loading=\"lazy\" decoding=\"async\" width=\"740\" height=\"550\" src=\"https:\/\/eleganciacompany.info\/wp-content\/uploads\/2024\/01\/Hotel-Atlantis.png\" alt=\"\" srcset=\"https:\/\/eleganciacompany.info\/wp-content\/uploads\/2024\/01\/Hotel-Atlantis.png 740w, https:\/\/eleganciacompany.info\/wp-content\/uploads\/2024\/01\/Hotel-Atlantis-300x223.png 300w\" sizes=\"auto, (max-width: 740px) 100vw, 740px\" \/>\t\t\t\t\t\t\t\t\t\t\t\t\t\t\t<\/p>\n<h2>Hotel Atlantis<\/h2>\n<p>Mergulhe no luxo do Hotel Atlantis, na Palm Jumeirah. <br \/>Com praias particulares, parques aqu\u00e1ticos emocionantes e restaurantes de classe mundial, \u00e9 uma experi\u00eancia inesquec\u00edvel.<\/p>\n<p>\t\t\t<a href=\"#\"><br \/>\n\t\t\t\t\t\tlearn more<br \/>\n\t\t\t\t\t<\/a><\/p>\n<h2>Deixe-nos mostrar a voc\u00ea a beleza de Dubai<\/h2>\n<p>\t\t\t\t\t\t\t\t\t\t\t\t\t\t\t<img loading=\"lazy\" decoding=\"async\" width=\"120\" height=\"120\" src=\"https:\/\/eleganciacompany.info\/wp-content\/uploads\/2024\/01\/Group-621-2.png\" alt=\"\" \/>\t\t\t\t\t\t\t\t\t\t\t\t\t\t\t<\/p>\n<h6>Atra\u00e7\u00f5es tur\u00edsticas<\/h6>\n<p>Dubai tem uma s\u00e9rie de atra\u00e7\u00f5es tur\u00edsticas \u00fanicas e incompar\u00e1veis para todos<\/p>\n<p>\t\t\t\t\t\t\t\t\t\t\t\t\t\t\t<img loading=\"lazy\" decoding=\"async\" width=\"120\" height=\"120\" src=\"https:\/\/eleganciacompany.info\/wp-content\/uploads\/2024\/01\/Group-620.png\" alt=\"\" \/>\t\t\t\t\t\t\t\t\t\t\t\t\t\t\t<\/p>\n<h6>Aventura durante toda a viagem<\/h6>\n<p>Al\u00e9m de ir \u00e0 cidade do luxo, voc\u00ea poder\u00e1 experimentar diferentes tipos de aventuras dispon\u00edveis, como andar em uma Ferrari, etc etc<\/p>\n<p>\t\t\t\t\t\t\t\t\t\t\t\t\t\t\t<img loading=\"lazy\" decoding=\"async\" width=\"120\" height=\"120\" src=\"https:\/\/eleganciacompany.info\/wp-content\/uploads\/2024\/01\/Group-613.png\" alt=\"\" \/>\t\t\t\t\t\t\t\t\t\t\t\t\t\t\t<\/p>\n<h6>Maior \u00e1lbum de fotos<\/h6>\n<p>Temos certeza de que voc\u00ea tirar\u00e1 tantas fotos que far\u00e1 um dos maiores \u00e1lbuns de fotos de sua vida!<\/p>\n<h1>Participe da aventura com hist\u00f3rias<\/h1>\n<p>Mergulhe na Aventura com Hist\u00f3rias e Concursa uma Viagem Inesquec\u00edvel para Dubai <\/p>\n<p>\t\t\t\t\t\t\t\t\t\t\t\t\t\t\t<img loading=\"lazy\" decoding=\"async\" width=\"93\" height=\"78\" src=\"https:\/\/eleganciacompany.info\/wp-content\/uploads\/2024\/01\/Group-36.png\" alt=\"\" \/>\t\t\t\t\t\t\t\t\t\t\t\t\t\t\t<\/p>\n<h2>Grande variedade de destinos tur\u00edsticos<\/h2>\n<p>\t\t\t\t\t\t\t\t\t\t\t\t\t\t\t<img loading=\"lazy\" decoding=\"async\" width=\"90\" height=\"82\" src=\"https:\/\/eleganciacompany.info\/wp-content\/uploads\/2024\/01\/Group-37.png\" alt=\"\" \/>\t\t\t\t\t\t\t\t\t\t\t\t\t\t\t<\/p>\n<h2>Momentos inesquec\u00edveis<\/h2>\n<p>\t\t\t\t\t\t\t\t\t\t\t\t\t\t\t<img loading=\"lazy\" decoding=\"async\" width=\"800\" height=\"968\" src=\"https:\/\/eleganciacompany.info\/wp-content\/uploads\/2024\/01\/img-2-2-1-800x968-1.png\" alt=\"\" srcset=\"https:\/\/eleganciacompany.info\/wp-content\/uploads\/2024\/01\/img-2-2-1-800x968-1.png 800w, https:\/\/eleganciacompany.info\/wp-content\/uploads\/2024\/01\/img-2-2-1-800x968-1-248x300.png 248w, https:\/\/eleganciacompany.info\/wp-content\/uploads\/2024\/01\/img-2-2-1-800x968-1-768x929.png 768w\" sizes=\"auto, (max-width: 800px) 100vw, 800px\" \/><br \/>\n\t\t\t\t\t\t\t\t\t\t\t\t\t\t\t<img loading=\"lazy\" decoding=\"async\" width=\"300\" height=\"242\" src=\"https:\/\/eleganciacompany.info\/wp-content\/uploads\/2024\/01\/bg-1-300x242.png\" alt=\"\" srcset=\"https:\/\/eleganciacompany.info\/wp-content\/uploads\/2024\/01\/bg-1-300x242.png 300w, https:\/\/eleganciacompany.info\/wp-content\/uploads\/2024\/01\/bg-1.png 714w\" sizes=\"auto, (max-width: 300px) 100vw, 300px\" \/><br \/>\n\t\t\t\t\t\t\t\t\t\t\t\t\t\t\t<img loading=\"lazy\" decoding=\"async\" width=\"355\" height=\"355\" src=\"https:\/\/eleganciacompany.info\/wp-content\/uploads\/2024\/01\/Sello-autetincidad-PARTIU-DUBAI.png\" alt=\"\" srcset=\"https:\/\/eleganciacompany.info\/wp-content\/uploads\/2024\/01\/Sello-autetincidad-PARTIU-DUBAI.png 355w, https:\/\/eleganciacompany.info\/wp-content\/uploads\/2024\/01\/Sello-autetincidad-PARTIU-DUBAI-300x300.png 300w, https:\/\/eleganciacompany.info\/wp-content\/uploads\/2024\/01\/Sello-autetincidad-PARTIU-DUBAI-150x150.png 150w\" sizes=\"auto, (max-width: 355px) 100vw, 355px\" \/>\t\t\t\t\t\t\t\t\t\t\t\t\t\t\t<\/p>\n<h2>SELO DA CAMPANHA<\/h2>\n<p>Aten\u00e7\u00e3o, cada cupom entregue pela equipe de vendas possui um selo de verifica\u00e7\u00e3o, que valida sua originalidade. Caso o cupom n\u00e3o possua esse selo, voc\u00ea n\u00e3o poder\u00e1 participar.<\/p>\n<p>\t\t\t<a href=\"#\"><br \/>\n\t\t\t\t\t\tSaiba mais<br \/>\n\t\t\t\t\t<\/a><\/p>\n<p>Dois Passaportes, Uma Aventura: Dubai Chama por Voc\u00ea!<\/p>\n<p>\t\t\t<a href=\"#eleganciacompany.info\"><br \/>\n\t\t\t\t\t\tvoltar ao topo<br \/>\n\t\t\t\t\t<\/a><\/p>\n","protected":false},"excerpt":{"rendered":"<p>DESTINO: DUBAI Passagem para 2 pessoas 4 DIAS e 3 noites HOTEL Inclu\u00eddo DESPESAS PRIM\u00c1RIAS Inclu\u00eddo Sobre Partiu Dubai Suas compras merecem mais do que um agradecimento \u00c9 por isso que estamos oferecendo a voc\u00ea a chance de ganhar uma viagem incr\u00edvel para Dubai para duas pessoas &#8211; fa\u00e7a suas compras e prepare-se para voar!&#8221; [&hellip;]<\/p>\n","protected":false},"author":2,"featured_media":0,"parent":0,"menu_order":0,"comment_status":"closed","ping_status":"closed","template":"elementor_header_footer","meta":{"footnotes":""},"class_list":["post-497","page","type-page","status-publish","hentry"],"_links":{"self":[{"href":"https:\/\/eleganciacompany.info\/index.php\/wp-json\/wp\/v2\/pages\/497","targetHints":{"allow":["GET"]}}],"collection":[{"href":"https:\/\/eleganciacompany.info\/index.php\/wp-json\/wp\/v2\/pages"}],"about":[{"href":"https:\/\/eleganciacompany.info\/index.php\/wp-json\/wp\/v2\/types\/page"}],"author":[{"embeddable":true,"href":"https:\/\/eleganciacompany.info\/index.php\/wp-json\/wp\/v2\/users\/2"}],"replies":[{"embeddable":true,"href":"https:\/\/eleganciacompany.info\/index.php\/wp-json\/wp\/v2\/comments?post=497"}],"version-history":[{"count":79,"href":"https:\/\/eleganciacompany.info\/index.php\/wp-json\/wp\/v2\/pages\/497\/revisions"}],"predecessor-version":[{"id":825,"href":"https:\/\/eleganciacompany.info\/index.php\/wp-json\/wp\/v2\/pages\/497\/revisions\/825"}],"wp:attachment":[{"href":"https:\/\/eleganciacompany.info\/index.php\/wp-json\/wp\/v2\/media?parent=497"}],"curies":[{"name":"wp","href":"https:\/\/api.w.org\/{rel}","templated":true}]}}