{"id":537,"date":"2024-01-25T11:03:31","date_gmt":"2024-01-25T11:03:31","guid":{"rendered":"https:\/\/eleganciacompany.info\/?page_id=537"},"modified":"2024-02-08T17:58:48","modified_gmt":"2024-02-08T17:58:48","slug":"reglamento-partiu-dubai","status":"publish","type":"page","link":"https:\/\/eleganciacompany.info\/index.php\/reglamento-partiu-dubai\/","title":{"rendered":"REGULAMENTO"},"content":{"rendered":"<style>\/*! elementor - v3.18.0 - 20-12-2023 *\/\n.elementor-heading-title{padding:0;margin:0;line-height:1}.elementor-widget-heading .elementor-heading-title[class*=elementor-size-]>a{color:inherit;font-size:inherit;line-height:inherit}.elementor-widget-heading .elementor-heading-title.elementor-size-small{font-size:15px}.elementor-widget-heading .elementor-heading-title.elementor-size-medium{font-size:19px}.elementor-widget-heading .elementor-heading-title.elementor-size-large{font-size:29px}.elementor-widget-heading .elementor-heading-title.elementor-size-xl{font-size:39px}.elementor-widget-heading .elementor-heading-title.elementor-size-xxl{font-size:59px}<\/style>\n<h1>REGULAMENTO<\/h1>\n<h2> Trata-se da campanha denominada Partiu Dubai, que \u00e9 realizada pela DUBAI WORLD, localizada na Av. Adrian Jara, ED. Victoria, Ciudad Del Este, Paraguay, inscrita no RUC n\u00ba 8005944-7. <\/h2>\n<ol>\n<li><strong>Prazo de execu\u00e7\u00e3o:<\/strong> 5 meses.<\/li>\n<li><strong>In\u00edcio e T\u00e9rmino:<\/strong> de 20\/10\/2023 a 30\/03\/2024, v\u00e1lida para compras feitas no mesmo per\u00edodo, durante o hor\u00e1rio de funcionamento da loja das 6:30h \u00e0s 15:30h.<\/li>\n<li><strong>Dos Participantes.<\/strong>\n<p>3.1. Poder\u00e1 participar da promo\u00e7\u00e3o, qualquer cliente e\/ou pessoa f\u00edsica residente e domiciliada em todo o territ\u00f3rio do Paraguai e Brasil, que efetuar compras no DUBAI WORLD por qualquer forma de pagamento, durante o per\u00edodo da promo\u00e7\u00e3o, conforme estabelecido de 01\/11\/2023 a 30\/03\/2024, de segunda \u00e0 s\u00e1bado das 6:30 \u00e0s 15:30hs.<\/p>\n<\/li>\n<li><strong>Como Participar.<\/strong>\n<p>4.1. Os clientes que efetuarem compras das refer\u00eancias selecionadas e realizadas por meio de qualquer forma de pagamento durante o per\u00edodo de 01\/11\/2023 a 30\/03\/2024, ter\u00e3o direito de retirar 01 (um) cupom para participar da promo\u00e7\u00e3o referida acima, a cada refer\u00eancia adquirida dar\u00e1 ao participante o direito a um cupom, quanto mais referencias comprar mais cupons o participante ter\u00e1.<\/p>\n<p>4.2. A promo\u00e7\u00e3o estar\u00e1 localizada no interior da loja.<\/p>\n<p>4.3. Os clientes dever\u00e3o obrigatoriamente depositar seus cupons na urna no interior da loja no qual ser\u00e3o inseridos todos os cupons v\u00e1lidos.<\/p>\n<p>4.4. Ap\u00f3s a apresenta\u00e7\u00e3o do(s) cupom(ns) fiscais, o(s) mesmo(s) ser\u00e1(\u00e3o) carimbado(s), n\u00e3o podendo ser reapresentado(s).<\/p>\n<p>4.5. Cada perfume comprado das marcas e referencias selecionadas especialmente para essa promo\u00e7\u00e3o equivale a um cupom, n\u00e3o tendo valores acumulativos.<\/p>\n<\/li>\n<li><strong>Da Desclassifica\u00e7\u00e3o.<\/strong>\n<p>5.1. N\u00e3o ser\u00e3o admitidos:<\/p>\n<p>&#8211; Cupom que estiverem rasurados com qualquer tipo de altera\u00e7\u00e3o feita com caneta, l\u00e1pis ou outro material<\/p>\n<p>&#8211; Comprovantes de venda de transa\u00e7\u00f5es realizadas fora do per\u00edodo da campanha.<\/p>\n<p>&#8211; Reimpress\u00e3o de comprovantes de venda de estabelecimentos comerciais, ou com quaisquer irregularidades, rasuras, qualquer tipo de informa\u00e7\u00e3o incorreta, incompleta ou informa\u00e7\u00f5es n\u00e3o ver\u00eddicas, as quais cancelar\u00e3o os cupons.<\/p>\n<\/li>\n<li>\n<p><strong>Da Apura\u00e7\u00e3o.<br \/><\/strong>6.1. Os cupons dever\u00e3o ser depositados em uma urna localizada no interior da loja para participar at\u00e9 o final da promo\u00e7\u00e3o.<\/p>\n<p>6.2. A apura\u00e7\u00e3o ser\u00e1 realizada no dia 13\/04\/2024, \u00e0s 15h, com a retirada sequencial de 2 cupons aleat\u00f3rios que dar\u00e3o direito aos pr\u00eamios. O p\u00fablico ser\u00e1 informado e o local ser\u00e1 de livre acesso aos interessados e o sorteio ser\u00e1 transmitido ao vivo nas redes sociais da Artes da Perfumaria.<\/p>\n<p>6.3. N\u00e3o ter\u00e3o validade cupons que n\u00e3o atenderem as condi\u00e7\u00f5es b\u00e1sicas da promo\u00e7\u00e3o e que impossibilitarem a verifica\u00e7\u00e3o de sua autenticidade valendo apenas os cupons originais impressos pela loja.<\/p>\n<p>6.4. Os participantes ser\u00e3o exclu\u00eddos automaticamente da promo\u00e7\u00e3o em caso de fraude comprovada, podendo ainda responder por crime de falsidade ideol\u00f3gica ou documental.<\/p>\n<p>6.5.Todos os cupons ser\u00e3o colocados em urna localizada no interior da loja.<\/p>\n<p>6.6. Dessa urna, ser\u00e3o retirados aleatoriamente.<\/p>\n<\/li>\n<li>\n<p><strong>Da Premia\u00e7\u00e3o.<\/strong><\/p>\n<p>7.1. A premia\u00e7\u00e3o \u00e9 composta por 2 sorteios, sendo cada sorteio uma viagem para Dubai com acompanhante e seu valor poder\u00e1 variar de acordo com o c\u00e2mbio do dia em que o pr\u00eamio for adquirido, para cada sorteado, ser\u00e3o 4 dias e 3 noites incluindo passagens a\u00e9reas, hotel com menu de alimenta\u00e7\u00e3o selecionado inclu\u00eddo e translado com guia tur\u00edstico e indica\u00e7\u00f5es de passeios.<\/p>\n<p>7.2. O restante ser\u00e1 por conta do sorteado.<\/p>\n<p>7.3. Ao todo ser\u00e3o sorteados 2 cupons sequenciais, cada um dar\u00e1 direito a uma viagem para Dubai com acompanhante. \u00a0A viagem dever\u00e1 ser utilizada no prazo de at\u00e9 06 meses, a contar da data de entrega do pr\u00eamio, a data da viagem dever\u00e1 ser escolhida e avisada a DUBAI WORLD com anteced\u00eancia de no m\u00ednimo 30 dias antes, exceto em feriados.<\/p>\n<p>7.4. O pr\u00eamio \u00e9 intransfer\u00edvel e sem reembolso.<\/p>\n<p>7.5.Fica sobre responsabilidade do sorteado providenciar todos e quaisquer documentos necess\u00e1rios para a viagem.<\/p>\n<\/li>\n<li><strong>Do sorteio.<\/strong>\n<p>8.1. Os sorteios ocorrer\u00e3o sequencialmente \u00e0s 15h do dia 13\/04\/24.<\/p>\n<p>8.2. O local dos sorteios ser\u00e1 realizado na loja no endere\u00e7o supracitado, sendo livre o acesso aos interessados.<\/p>\n<\/li>\n<li><strong>Forma de Divulga\u00e7\u00e3o da Promo\u00e7\u00e3o Comercial.<\/strong>9.1. A divulga\u00e7\u00e3o desta promo\u00e7\u00e3o ser\u00e1 feita por meio de publicidades de m\u00eddia impressa, outdoor, site da loja, internet e redes sociais.\n<p>9.2. Forma de Divulga\u00e7\u00e3o do Resultado e Procedimento que ser\u00e1 utilizado para Notificar os Contemplados: os n\u00fameros dos ganhadores ser\u00e3o anunciados ao vivo no momento de cada sorteio e estes comunicados sobre sua premia\u00e7\u00e3o por meio de divulga\u00e7\u00e3o nas m\u00eddias sociais no prazo de at\u00e9 30 dias a contar da apura\u00e7\u00e3o, sendo que a DUBAI WORLD tamb\u00e9m se obriga a, no prazo de at\u00e9 30 dias a contar da data dos sorteios, entregar a premia\u00e7\u00e3o aos respectivos contemplados.<\/p>\n<\/li>\n<li><strong>Entrega do Pr\u00eamio.<\/strong>\n<p>10.1. A premia\u00e7\u00e3o ser\u00e1 entregue na Administra\u00e7\u00e3o da empresa localizado no mesmo endere\u00e7o.<\/p>\n<p>10.2. Prazo: a empresa ter\u00e1 o prazo m\u00e1ximo de 30 (trinta) dias, a contar da data da apura\u00e7\u00e3o, para localizar cada contemplado.<\/p>\n<p>10.3. A premia\u00e7\u00e3o dever\u00e1 ser livre e desembara\u00e7ada de qualquer \u00f4nus para os contemplados.<\/p>\n<\/li>\n<li><strong>Caducidade do Pr\u00eamio.<br \/><\/strong>11.1. Prescri\u00e7\u00e3o do direito ao pr\u00eamio: 180 (cento e oitenta) dias ap\u00f3s a data da apura\u00e7\u00e3o e o pr\u00eamio ganho e for n\u00e3o reclamado.<\/li>\n<li><strong>Divulga\u00e7\u00e3o da Imagem dos Contemplados:<\/strong> os contemplados concordam desde j\u00e1, com a utiliza\u00e7\u00e3o de seu nome, imagem e som de voz para divulga\u00e7\u00e3o, sem que isso traga qualquer tipo de \u00f4nus para empresa promotora pelo per\u00edodo de at\u00e9 01 (um) ano a partir da data da apura\u00e7\u00e3o.<\/li>\n<li><strong>Considera\u00e7\u00f5es Gerais.<br \/><\/strong>13.1. \u00c9 proibida a convers\u00e3o da premia\u00e7\u00e3o em dinheiro bem como n\u00e3o poder\u00e1 ser trocado por outro produto, viagem ou destino.\n<p>13.2. As d\u00favidas e controv\u00e9rsias originadas de reclama\u00e7\u00f5es dos participantes das promo\u00e7\u00f5es autorizadas dever\u00e3o ser preliminarmente, dirimidas pelos seus respectivos organizadores e, posteriormente, submetidas a esta empresa, quando o participante n\u00e3o optar pela reclama\u00e7\u00e3o direta aos \u00f3rg\u00e3os p\u00fablicos integrantes em Defesa do Consumidor.<\/p>\n<p>13.3. Ser\u00e3o validos para essa promo\u00e7\u00e3o os produtos selecionados abaixo podendo haver altera\u00e7\u00f5es futuras e inclu\u00eddo mais referencias das mesmas marcas AFNAN, LATTAFA e ZIMAYA.<\/p>\n<p>13.4 Os pr\u00eamios a serem distribu\u00eddos destinam-se aos participantes contemplados, sendo vedada sua transfer\u00eancia antes da entrega.<\/p>\n<\/li>\n<\/ol>\n<p style=\"padding-left: 40px;\">13.5 Em casos de emerg\u00eancia ou problema por servi\u00e7o prestado, o interessado dever\u00e1 entrar em contato com o requerente diretamente na Administra\u00e7\u00e3o da empresa.<\/p>\n<p style=\"padding-left: 40px;\">13.6 Menores de idade n\u00e3o poder\u00e3o participar desta promo\u00e7\u00e3o.<\/p>\n<p style=\"padding-left: 40px;\">13.7 A responsabilidade por qualquer ocorrido quando da utiliza\u00e7\u00e3o do pr\u00eamio ser\u00e1 unicamente do contemplado, de modo que a DUBAI WORLD se exime de eventuais danos ocorridos.<\/p>\n<p style=\"padding-left: 40px;\">13.8 O Regulamento ser\u00e1 afixado interior da loja e no site www.eleganciacompany.info e se apresentar\u00e1 em tamanho e em grafia que viabilizem a compreens\u00e3o e visualiza\u00e7\u00e3o por parte do consumidor participante da promo\u00e7\u00e3o comercial.<\/p>\n<p>\u00a0<br \/>\n\t\t\t<a href=\"https:\/\/bit.ly\/4bwyBi1\"><br \/>\n\t\t\t\t\t\tCONFERIR PRODUTOS<br \/>\n\t\t\t\t\t<\/a><\/p>\n","protected":false},"excerpt":{"rendered":"<p>REGULAMENTO Trata-se da campanha denominada Partiu Dubai, que \u00e9 realizada pela DUBAI WORLD, localizada na Av. Adrian Jara, ED. Victoria, Ciudad Del Este, Paraguay, inscrita no RUC n\u00ba 8005944-7. Prazo de execu\u00e7\u00e3o: 5 meses. In\u00edcio e T\u00e9rmino: de 20\/10\/2023 a 30\/03\/2024, v\u00e1lida para compras feitas no mesmo per\u00edodo, durante o hor\u00e1rio de funcionamento da loja [&hellip;]<\/p>\n","protected":false},"author":2,"featured_media":0,"parent":0,"menu_order":0,"comment_status":"closed","ping_status":"closed","template":"elementor_header_footer","meta":{"footnotes":""},"class_list":["post-537","page","type-page","status-publish","hentry"],"_links":{"self":[{"href":"https:\/\/eleganciacompany.info\/index.php\/wp-json\/wp\/v2\/pages\/537","targetHints":{"allow":["GET"]}}],"collection":[{"href":"https:\/\/eleganciacompany.info\/index.php\/wp-json\/wp\/v2\/pages"}],"about":[{"href":"https:\/\/eleganciacompany.info\/index.php\/wp-json\/wp\/v2\/types\/page"}],"author":[{"embeddable":true,"href":"https:\/\/eleganciacompany.info\/index.php\/wp-json\/wp\/v2\/users\/2"}],"replies":[{"embeddable":true,"href":"https:\/\/eleganciacompany.info\/index.php\/wp-json\/wp\/v2\/comments?post=537"}],"version-history":[{"count":33,"href":"https:\/\/eleganciacompany.info\/index.php\/wp-json\/wp\/v2\/pages\/537\/revisions"}],"predecessor-version":[{"id":834,"href":"https:\/\/eleganciacompany.info\/index.php\/wp-json\/wp\/v2\/pages\/537\/revisions\/834"}],"wp:attachment":[{"href":"https:\/\/eleganciacompany.info\/index.php\/wp-json\/wp\/v2\/media?parent=537"}],"curies":[{"name":"wp","href":"https:\/\/api.w.org\/{rel}","templated":true}]}}